{"id":1337,"date":"2025-07-24T10:30:30","date_gmt":"2025-07-24T08:30:30","guid":{"rendered":"https:\/\/www.marqueset.es\/politica-de-calidad-y-gestion-ambiental\/"},"modified":"2026-02-27T14:53:12","modified_gmt":"2026-02-27T13:53:12","slug":"politica-de-calidad-y-gestion-ambiental","status":"publish","type":"page","link":"https:\/\/www.marqueset.es\/en\/politica-de-calidad-y-gestion-ambiental\/","title":{"rendered":"Pol\u00edtica de calidad y gesti\u00f3n ambiental"},"content":{"rendered":"\t\t<div data-elementor-type=\"wp-page\" data-elementor-id=\"1337\" class=\"elementor elementor-1337 elementor-1148\" data-elementor-post-type=\"page\">\n\t\t\t\t<div class=\"elementor-element elementor-element-f85440b e-con-full e-flex e-con e-parent\" data-id=\"f85440b\" data-element_type=\"container\" data-settings=\"{&quot;background_background&quot;:&quot;gradient&quot;}\">\n\t\t\t\t<\/div>\n\t\t<div class=\"elementor-element elementor-element-0c13c76 e-flex e-con-boxed e-con e-parent\" data-id=\"0c13c76\" data-element_type=\"container\">\n\t\t\t\t\t<div class=\"e-con-inner\">\n\t\t<div class=\"elementor-element elementor-element-7222327 e-con-full e-flex e-con e-child\" data-id=\"7222327\" data-element_type=\"container\">\n\t\t\t\t<div class=\"elementor-element elementor-element-aebaadb elementor-widget elementor-widget-text-editor\" data-id=\"aebaadb\" data-element_type=\"widget\" data-widget_type=\"text-editor.default\">\n\t\t\t\t<div class=\"elementor-widget-container\">\n\t\t\t\t\t\t\t\t\t<p><strong>Marqueset Sistemas Log\u00edsticos, S.L<\/strong>, como agencia de transporte de mercanc\u00edas por carretera y almacenamiento de mercanc\u00edas generales, se compromete a cumplir la pol\u00edtica de la calidad y gesti\u00f3n ambiental desarrollada en este apartado, cuyo objetivo es el desarrollo y mejora continua de su Sistema de Gesti\u00f3n, adquiriendo un compromiso con los requisitos y necesidades de nuestros clientes y con la sociedad para la prevenci\u00f3n de la contaminaci\u00f3n y el cumplimiento de la legislaci\u00f3n ambiental vigente.<\/p><p>Este compromiso se concreta en esta \u201cPol\u00edtica Corporativa\u201d fundamentada principalmente en las siguientes directrices:<\/p>\t\t\t\t\t\t\t\t<\/div>\n\t\t\t\t<\/div>\n\t\t\t\t<\/div>\n\t\t<div class=\"elementor-element elementor-element-5fdd153 e-con-full e-flex e-con e-child\" data-id=\"5fdd153\" data-element_type=\"container\">\n\t\t\t\t<div class=\"elementor-element elementor-element-0f9dfe7 titulo-subrayado elementor-widget elementor-widget-heading\" data-id=\"0f9dfe7\" data-element_type=\"widget\" data-widget_type=\"heading.default\">\n\t\t\t\t<div class=\"elementor-widget-container\">\n\t\t\t\t\t<h2 class=\"elementor-heading-title elementor-size-default\">1 - Establecer, desarrollar y mantener vigente<\/h2>\t\t\t\t<\/div>\n\t\t\t\t<\/div>\n\t\t\t\t<div class=\"elementor-element elementor-element-85208fa elementor-widget elementor-widget-text-editor\" data-id=\"85208fa\" data-element_type=\"widget\" data-widget_type=\"text-editor.default\">\n\t\t\t\t<div class=\"elementor-widget-container\">\n\t\t\t\t\t\t\t\t\t<p>Un Sistema de Calidad y Gesti\u00f3n Ambiental que cumpla con los requisitos de las normas UNE-EN ISO 9001 y UNE-EN ISO<\/p>\t\t\t\t\t\t\t\t<\/div>\n\t\t\t\t<\/div>\n\t\t\t\t<\/div>\n\t\t<div class=\"elementor-element elementor-element-c0c89d4 e-con-full e-flex e-con e-child\" data-id=\"c0c89d4\" data-element_type=\"container\">\n\t\t\t\t<div class=\"elementor-element elementor-element-e4b32c5 titulo-subrayado elementor-widget elementor-widget-heading\" data-id=\"e4b32c5\" data-element_type=\"widget\" data-widget_type=\"heading.default\">\n\t\t\t\t<div class=\"elementor-widget-container\">\n\t\t\t\t\t<h2 class=\"elementor-heading-title elementor-size-default\">2 - Velar por el cumplimiento de las expectativas de las partes interesadas<\/h2>\t\t\t\t<\/div>\n\t\t\t\t<\/div>\n\t\t\t\t<div class=\"elementor-element elementor-element-3bf71e3 elementor-widget elementor-widget-text-editor\" data-id=\"3bf71e3\" data-element_type=\"widget\" data-widget_type=\"text-editor.default\">\n\t\t\t\t<div class=\"elementor-widget-container\">\n\t\t\t\t\t\t\t\t\t<ul><li>Los accionistas realizan su aportaci\u00f3n que genera ciertas expectativas sobre el comportamiento de la empresa.<\/li><li>La direcci\u00f3n act\u00faa como gestor principal de las relaciones con los clientes.<\/li><li>Mantener una actitud de confianza y cooperaci\u00f3n con las administraciones, siendo escrupulosos respecto a las obligaciones legales y normativas, con la intenci\u00f3n de participar y contribuir a la mejora de la sociedad de la que formamos parte.<\/li><li>Vincular un compromiso con el entorno social cercano, creando v\u00ednculos estrechos entre la empresa y la comunidad.<\/li><\/ul>\t\t\t\t\t\t\t\t<\/div>\n\t\t\t\t<\/div>\n\t\t\t\t<\/div>\n\t\t<div class=\"elementor-element elementor-element-76cf631 e-con-full e-flex e-con e-child\" data-id=\"76cf631\" data-element_type=\"container\">\n\t\t\t\t<div class=\"elementor-element elementor-element-8027ec4 titulo-subrayado elementor-widget elementor-widget-heading\" data-id=\"8027ec4\" data-element_type=\"widget\" data-widget_type=\"heading.default\">\n\t\t\t\t<div class=\"elementor-widget-container\">\n\t\t\t\t\t<h2 class=\"elementor-heading-title elementor-size-default\">3 - Cumplimiento de la normativa legal vigente<\/h2>\t\t\t\t<\/div>\n\t\t\t\t<\/div>\n\t\t\t\t<div class=\"elementor-element elementor-element-6701212 elementor-widget elementor-widget-text-editor\" data-id=\"6701212\" data-element_type=\"widget\" data-widget_type=\"text-editor.default\">\n\t\t\t\t<div class=\"elementor-widget-container\">\n\t\t\t\t\t\t\t\t\t<ul><li>Aplicar el cumplimiento de las normativas legales y reglamentarias aplicables, en el desempe\u00f1o de nuestra actividad.<\/li><li>Mantener el Sistema de Gesti\u00f3n implantado, basado en las normas ISO 9001 e ISO 14001, as\u00ed como actualizar los manuales, procedimientos, instrucciones y registros.<\/li><li>Realizar auditor\u00edas internas peri\u00f3dicas del Sistema de Gesti\u00f3n, que evidencien su correcta adecuaci\u00f3n.<\/li><\/ul>\t\t\t\t\t\t\t\t<\/div>\n\t\t\t\t<\/div>\n\t\t\t\t<\/div>\n\t\t<div class=\"elementor-element elementor-element-f94c634 e-con-full e-flex e-con e-child\" data-id=\"f94c634\" data-element_type=\"container\">\n\t\t\t\t<div class=\"elementor-element elementor-element-a42c792 titulo-subrayado elementor-widget elementor-widget-heading\" data-id=\"a42c792\" data-element_type=\"widget\" data-widget_type=\"heading.default\">\n\t\t\t\t<div class=\"elementor-widget-container\">\n\t\t\t\t\t<h2 class=\"elementor-heading-title elementor-size-default\">4 - Establecimiento de objetivos, metas y programas<\/h2>\t\t\t\t<\/div>\n\t\t\t\t<\/div>\n\t\t\t\t<div class=\"elementor-element elementor-element-9fcb258 elementor-widget elementor-widget-text-editor\" data-id=\"9fcb258\" data-element_type=\"widget\" data-widget_type=\"text-editor.default\">\n\t\t\t\t<div class=\"elementor-widget-container\">\n\t\t\t\t\t\t\t\t\t<ul><li>Aportar los recursos necesarios para conseguir los objetivos de calidad y gesti\u00f3n ambiental establecidos.<\/li><li>Realizar un seguimiento peri\u00f3dico de los mismos, a trav\u00e9s de los indicadores planteados a tal efecto, de modo que se asegure la mejora continua.<\/li><\/ul>\t\t\t\t\t\t\t\t<\/div>\n\t\t\t\t<\/div>\n\t\t\t\t<\/div>\n\t\t<div class=\"elementor-element elementor-element-cd985ab e-con-full e-flex e-con e-child\" data-id=\"cd985ab\" data-element_type=\"container\">\n\t\t\t\t<div class=\"elementor-element elementor-element-2a0d1bd titulo-subrayado elementor-widget elementor-widget-heading\" data-id=\"2a0d1bd\" data-element_type=\"widget\" data-widget_type=\"heading.default\">\n\t\t\t\t<div class=\"elementor-widget-container\">\n\t\t\t\t\t<h2 class=\"elementor-heading-title elementor-size-default\">5 - Satisfacci\u00f3n de los clientes<\/h2>\t\t\t\t<\/div>\n\t\t\t\t<\/div>\n\t\t\t\t<div class=\"elementor-element elementor-element-a305280 elementor-widget elementor-widget-text-editor\" data-id=\"a305280\" data-element_type=\"widget\" data-widget_type=\"text-editor.default\">\n\t\t\t\t<div class=\"elementor-widget-container\">\n\t\t\t\t\t\t\t\t\t<ul><li>Entender de manera continuada cuales son las necesidades y expectativas de nuestros clientes, con el \u00fanico fin de conseguir aumentar su grado de satisfacci\u00f3n con nuestras actividades y servicios.<\/li><li>Responder a las posibles reclamaciones que pudieran proceder del desempe\u00f1o de la actividad, como v\u00eda para solucionar la insatisfacci\u00f3n del cliente.<\/li><li>Concienciar al personal sobre la importancia de conocer las necesidades de los clientes, para aportar mejoras que logren su satisfacci\u00f3n.<\/li><\/ul>\t\t\t\t\t\t\t\t<\/div>\n\t\t\t\t<\/div>\n\t\t\t\t<\/div>\n\t\t<div class=\"elementor-element elementor-element-4eff83d e-con-full e-flex e-con e-child\" data-id=\"4eff83d\" data-element_type=\"container\">\n\t\t\t\t<div class=\"elementor-element elementor-element-22290a2 titulo-subrayado elementor-widget elementor-widget-heading\" data-id=\"22290a2\" data-element_type=\"widget\" data-widget_type=\"heading.default\">\n\t\t\t\t<div class=\"elementor-widget-container\">\n\t\t\t\t\t<h2 class=\"elementor-heading-title elementor-size-default\">6 - Relaci\u00f3n con los proveedores y\/o subcontratistas<\/h2>\t\t\t\t<\/div>\n\t\t\t\t<\/div>\n\t\t\t\t<div class=\"elementor-element elementor-element-f30f053 elementor-widget elementor-widget-text-editor\" data-id=\"f30f053\" data-element_type=\"widget\" data-widget_type=\"text-editor.default\">\n\t\t\t\t<div class=\"elementor-widget-container\">\n\t\t\t\t\t\t\t\t\t<ul><li>Realizar una selecci\u00f3n y evaluaci\u00f3n continua de nuestros proveedores y subcontratistas, asegur\u00e1ndonos poder ofrecer el mejor servicio a nuestros clientes.<\/li><\/ul>\t\t\t\t\t\t\t\t<\/div>\n\t\t\t\t<\/div>\n\t\t\t\t<\/div>\n\t\t<div class=\"elementor-element elementor-element-cf21226 e-con-full e-flex e-con e-child\" data-id=\"cf21226\" data-element_type=\"container\">\n\t\t\t\t<div class=\"elementor-element elementor-element-46f74d0 titulo-subrayado elementor-widget elementor-widget-heading\" data-id=\"46f74d0\" data-element_type=\"widget\" data-widget_type=\"heading.default\">\n\t\t\t\t<div class=\"elementor-widget-container\">\n\t\t\t\t\t<h2 class=\"elementor-heading-title elementor-size-default\">7 - Participaci\u00f3n del personal<\/h2>\t\t\t\t<\/div>\n\t\t\t\t<\/div>\n\t\t\t\t<div class=\"elementor-element elementor-element-b513b07 elementor-widget elementor-widget-text-editor\" data-id=\"b513b07\" data-element_type=\"widget\" data-widget_type=\"text-editor.default\">\n\t\t\t\t<div class=\"elementor-widget-container\">\n\t\t\t\t\t\t\t\t\t<ul><li>Ofrecer un trato justo y respetuoso con los derechos de los trabajadores, cumpliendo con la legislaci\u00f3n laboral de aplicaci\u00f3n.<\/li><li>Formar de manera continua a todo el personal involucrado en nuestras actividades, mediante la aplicaci\u00f3n de planes de formaci\u00f3n y cualificaci\u00f3n, que mejoren su adecuaci\u00f3n a las nuevas tecnolog\u00edas y sistemas, evaluando la eficacia de dichas acciones.<\/li><li>Motivar la detecci\u00f3n de oportunidades de mejora, que eviten la aparici\u00f3n de desviaciones en el desarrollo de la actividad.<\/li><li>Fomentar la consulta, participaci\u00f3n e implicaci\u00f3n activa del personal en la gesti\u00f3n y consecuci\u00f3n de los objetivos del Sistema de Gesti\u00f3n.<\/li><li>Fomentar la cultura de seguridad alimentaria para ayudar a la organizaci\u00f3n y a sus empleados a prevenir y detectar desviaciones en cualquier proceso que afecte a la seguridad, la calidad y la legalidad de los productos. <\/li><\/ul>\t\t\t\t\t\t\t\t<\/div>\n\t\t\t\t<\/div>\n\t\t\t\t<\/div>\n\t\t<div class=\"elementor-element elementor-element-66352f3 e-con-full e-flex e-con e-child\" data-id=\"66352f3\" data-element_type=\"container\">\n\t\t\t\t<div class=\"elementor-element elementor-element-442190d titulo-subrayado elementor-widget elementor-widget-heading\" data-id=\"442190d\" data-element_type=\"widget\" data-widget_type=\"heading.default\">\n\t\t\t\t<div class=\"elementor-widget-container\">\n\t\t\t\t\t<h2 class=\"elementor-heading-title elementor-size-default\">8 - Protecci\u00f3n de la salud e integridad del personal<\/h2>\t\t\t\t<\/div>\n\t\t\t\t<\/div>\n\t\t\t\t<div class=\"elementor-element elementor-element-edcdab9 elementor-widget elementor-widget-text-editor\" data-id=\"edcdab9\" data-element_type=\"widget\" data-widget_type=\"text-editor.default\">\n\t\t\t\t<div class=\"elementor-widget-container\">\n\t\t\t\t\t\t\t\t\t<ul><li>Cumplir con la normativa legal aplicable en materia de prevenci\u00f3n de riesgos laborales.<\/li><li>Integrar la prevenci\u00f3n de riesgos laborales, con el resto de actividades de la organizaci\u00f3n.<\/li><li>Potenciar la participaci\u00f3n del personal en el desarrollo de las actividades preventivas.<\/li><li>Evaluar los riesgos a los que est\u00e1n expuestos los trabajadores, derivados del desempe\u00f1o de la actividad, con el fin de adoptar las correspondientes medidas preventivas y eliminar as\u00ed, o en su defecto, minimizar los riesgos.<\/li><li>Investigar aquellas situaciones que pudieran provocar un efecto negativo en la salud de los trabajadores, identificando las causas y adoptando las medidas necesarias orientadas a evitar su repetici\u00f3n.<\/li><li>Promover entre el personal externo que opera bajo nuestra denominaci\u00f3n, las pr\u00e1cticas preventivas necesarias.<\/li><\/ul>\t\t\t\t\t\t\t\t<\/div>\n\t\t\t\t<\/div>\n\t\t\t\t<\/div>\n\t\t<div class=\"elementor-element elementor-element-95c4704 e-con-full e-flex e-con e-child\" data-id=\"95c4704\" data-element_type=\"container\">\n\t\t\t\t<div class=\"elementor-element elementor-element-303c980 titulo-subrayado elementor-widget elementor-widget-heading\" data-id=\"303c980\" data-element_type=\"widget\" data-widget_type=\"heading.default\">\n\t\t\t\t<div class=\"elementor-widget-container\">\n\t\t\t\t\t<h2 class=\"elementor-heading-title elementor-size-default\">9 - Respeto por el medioambiente<\/h2>\t\t\t\t<\/div>\n\t\t\t\t<\/div>\n\t\t\t\t<div class=\"elementor-element elementor-element-8239744 elementor-widget elementor-widget-text-editor\" data-id=\"8239744\" data-element_type=\"widget\" data-widget_type=\"text-editor.default\">\n\t\t\t\t<div class=\"elementor-widget-container\">\n\t\t\t\t\t\t\t\t\t<ul><li>La \u00fanica apuesta posible es un desarrollo sostenible, como la capacidad de satisfacer las necesidades presentes, sin comprometer la capacidad de las necesidades de las futuras generaciones.<\/li><\/ul>\t\t\t\t\t\t\t\t<\/div>\n\t\t\t\t<\/div>\n\t\t\t\t<\/div>\n\t\t<div class=\"elementor-element elementor-element-75b7751 e-con-full e-flex e-con e-child\" data-id=\"75b7751\" data-element_type=\"container\">\n\t\t\t\t<div class=\"elementor-element elementor-element-633826d titulo-subrayado elementor-widget elementor-widget-heading\" data-id=\"633826d\" data-element_type=\"widget\" data-widget_type=\"heading.default\">\n\t\t\t\t<div class=\"elementor-widget-container\">\n\t\t\t\t\t<h2 class=\"elementor-heading-title elementor-size-default\">10 - Conservaci\u00f3n del medioambiente y su entorno<\/h2>\t\t\t\t<\/div>\n\t\t\t\t<\/div>\n\t\t\t\t<div class=\"elementor-element elementor-element-36e9124 elementor-widget elementor-widget-text-editor\" data-id=\"36e9124\" data-element_type=\"widget\" data-widget_type=\"text-editor.default\">\n\t\t\t\t<div class=\"elementor-widget-container\">\n\t\t\t\t\t\t\t\t\t<ul><li>Cumplir con la normativa legal vigente en materia medioambiental.<\/li><li>Sensibilizar, formar y concienciar al personal por el respeto hacia al medioambiente para reducir el impacto medioambiental y no contribuir al cambio clim\u00e1tico.<\/li><li>Promover entre el personal externo que opera bajo nuestra denominaci\u00f3n, un comportamiento ambiental adecuado.<\/li><li>Prevenir la contaminaci\u00f3n, utilizando racionalmente los recursos, reduciendo as\u00ed los consumos y las emisiones a la atm\u00f3sfera.<\/li><li>Gestionar la recogida selectiva de residuos para facilitar su reciclaje.<\/li><li>C\u00e1lculo y reducci\u00f3n de la huella de carbono para minimizar el impacto medioambiental.<\/li><\/ul>\t\t\t\t\t\t\t\t<\/div>\n\t\t\t\t<\/div>\n\t\t\t\t<\/div>\n\t\t<div class=\"elementor-element elementor-element-524fc9c e-con-full e-flex e-con e-child\" data-id=\"524fc9c\" data-element_type=\"container\">\n\t\t\t\t<div class=\"elementor-element elementor-element-2572e75 elementor-widget elementor-widget-text-editor\" data-id=\"2572e75\" data-element_type=\"widget\" data-widget_type=\"text-editor.default\">\n\t\t\t\t<div class=\"elementor-widget-container\">\n\t\t\t\t\t\t\t\t\t<p><strong>Carlet, febrero 2026<\/strong><br \/><strong>Fdo. Direcci\u00f3n<\/strong><\/p>\t\t\t\t\t\t\t\t<\/div>\n\t\t\t\t<\/div>\n\t\t\t\t<\/div>\n\t\t\t\t\t<\/div>\n\t\t\t\t<\/div>\n\t\t\t\t<\/div>\n\t\t","protected":false},"excerpt":{"rendered":"<p>Marqueset Sistemas Log\u00edsticos, S.L, como agencia de transporte de mercanc\u00edas por carretera y almacenamiento de mercanc\u00edas generales, se compromete a cumplir la pol\u00edtica de la calidad y gesti\u00f3n ambiental desarrollada en este apartado, cuyo objetivo es el desarrollo y mejora continua de su Sistema de Gesti\u00f3n, adquiriendo un compromiso con los requisitos y necesidades de [&hellip;]<\/p>\n","protected":false},"author":32167,"featured_media":1245,"parent":0,"menu_order":0,"comment_status":"closed","ping_status":"closed","template":"","meta":{"footnotes":""},"class_list":["post-1337","page","type-page","status-publish","has-post-thumbnail","hentry"],"_links":{"self":[{"href":"https:\/\/www.marqueset.es\/en\/wp-json\/wp\/v2\/pages\/1337","targetHints":{"allow":["GET"]}}],"collection":[{"href":"https:\/\/www.marqueset.es\/en\/wp-json\/wp\/v2\/pages"}],"about":[{"href":"https:\/\/www.marqueset.es\/en\/wp-json\/wp\/v2\/types\/page"}],"author":[{"embeddable":true,"href":"https:\/\/www.marqueset.es\/en\/wp-json\/wp\/v2\/users\/32167"}],"replies":[{"embeddable":true,"href":"https:\/\/www.marqueset.es\/en\/wp-json\/wp\/v2\/comments?post=1337"}],"version-history":[{"count":13,"href":"https:\/\/www.marqueset.es\/en\/wp-json\/wp\/v2\/pages\/1337\/revisions"}],"predecessor-version":[{"id":1868,"href":"https:\/\/www.marqueset.es\/en\/wp-json\/wp\/v2\/pages\/1337\/revisions\/1868"}],"wp:featuredmedia":[{"embeddable":true,"href":"https:\/\/www.marqueset.es\/en\/wp-json\/wp\/v2\/media\/1245"}],"wp:attachment":[{"href":"https:\/\/www.marqueset.es\/en\/wp-json\/wp\/v2\/media?parent=1337"}],"curies":[{"name":"wp","href":"https:\/\/api.w.org\/{rel}","templated":true}]}}